{"id":1890,"date":"2023-01-04T14:56:53","date_gmt":"2023-01-04T14:56:53","guid":{"rendered":"https:\/\/www.adipanphoto.com\/?page_id=1890"},"modified":"2024-10-01T13:03:26","modified_gmt":"2024-10-01T13:03:26","slug":"contact","status":"publish","type":"page","link":"https:\/\/www.adipanphoto.com\/en\/contact\/","title":{"rendered":"Contact"},"content":{"rendered":"<div data-elementor-type=\"wp-page\" data-elementor-id=\"1890\" class=\"elementor elementor-1890\">\n\t\t\t\t<div class=\"elementor-element elementor-element-3e88f03 e-con-full e-flex e-con e-parent\" data-id=\"3e88f03\" data-element_type=\"container\">\n\t\t<div class=\"elementor-element elementor-element-995bf5e e-con-full e-flex e-con e-child\" data-id=\"995bf5e\" data-element_type=\"container\">\n\t\t\t\t<div class=\"elementor-element elementor-element-32f8fef elementor-widget elementor-widget-image\" data-id=\"32f8fef\" data-element_type=\"widget\" data-widget_type=\"image.default\">\n\t\t\t\t<div class=\"elementor-widget-container\">\n\t\t\t\t\t\t\t\t\t\t\t\t\t\t\t<img fetchpriority=\"high\" decoding=\"async\" width=\"512\" height=\"459\" src=\"https:\/\/www.adipanphoto.com\/wp-content\/uploads\/2022\/09\/cropped-301875841_5377829495634066_325226153146470174_n-1-e1663507973267.jpg\" class=\"attachment-medium_large size-medium_large wp-image-382\" alt=\"\" srcset=\"https:\/\/www.adipanphoto.com\/wp-content\/uploads\/2022\/09\/cropped-301875841_5377829495634066_325226153146470174_n-1-e1663507973267.jpg 512w, https:\/\/www.adipanphoto.com\/wp-content\/uploads\/2022\/09\/cropped-301875841_5377829495634066_325226153146470174_n-1-e1663507973267-300x269.jpg 300w\" sizes=\"(max-width: 512px) 100vw, 512px\" \/>\t\t\t\t\t\t\t\t\t\t\t\t\t\t\t<\/div>\n\t\t\t\t<\/div>\n\t\t\t\t<\/div>\n\t\t<div class=\"elementor-element elementor-element-d7dc34b e-con-full e-flex e-con e-child\" data-id=\"d7dc34b\" data-element_type=\"container\">\n\t\t\t\t<div class=\"elementor-element elementor-element-5092820 elementor-widget elementor-widget-heading\" data-id=\"5092820\" data-element_type=\"widget\" data-widget_type=\"heading.default\">\n\t\t\t\t<div class=\"elementor-widget-container\">\n\t\t\t\t\t<h2 class=\"elementor-heading-title elementor-size-default\">En tant que photographe, je suis attir\u00e9 par la beaut\u00e9 et l'unicit\u00e9 de tous les types d'animaux, y compris ceux qui ne sont peut-\u00eatre pas consid\u00e9r\u00e9s comme \"exotiques\". <br><br>Je me sp\u00e9cialise dans la photographie de la faune, avec un focus sur la capture de l'esprit et de la personnalit\u00e9 des animaux que je rencontre. Que je suive une famille d'\u00e9cureuils joueurs dans un parc ou que j'observe les mouvements gracieux d'un cerf dans une for\u00eat, je suis toujours \u00e0 la recherche de ce moment sp\u00e9cial \u00e0 figer dans le temps. <br><br>Je suis \u00e9galement attir\u00e9 par la tranquillit\u00e9 et la grandeur des paysages, et j'aime d\u00e9nicher et capturer la beaut\u00e9 cach\u00e9e dans le monde qui m'entoure. <br><br>Gr\u00e2ce \u00e0 ma photographie, j'ai pour but de partager la beaut\u00e9 et la majest\u00e9 du monde naturel avec les autres et de leur permettre de voir le monde sous un nouveau jour.<\/h2>\t\t\t\t<\/div>\n\t\t\t\t<\/div>\n\t\t\t\t<\/div>\n\t\t\t\t<\/div>\n\t\t<div class=\"elementor-element elementor-element-1c32747 e-con-full e-flex e-con e-parent\" data-id=\"1c32747\" data-element_type=\"container\">\n\t\t<div class=\"elementor-element elementor-element-2835ed0 e-con-full e-flex e-con e-child\" data-id=\"2835ed0\" data-element_type=\"container\">\n\t\t<div class=\"elementor-element elementor-element-e08da28 e-con-full e-flex e-con e-child\" data-id=\"e08da28\" data-element_type=\"container\">\n\t\t\t\t<div class=\"elementor-element elementor-element-f587a62 elementor-widget elementor-widget-shortcode\" data-id=\"f587a62\" data-element_type=\"widget\" data-widget_type=\"shortcode.default\">\n\t\t\t\t<div class=\"elementor-widget-container\">\n\t\t\t\t\t\t\t<div class=\"elementor-shortcode\">\n<div class=\"wpcf7 no-js\" id=\"wpcf7-f5-o1\" lang=\"en-US\" dir=\"ltr\" data-wpcf7-id=\"5\">\n<div class=\"screen-reader-response\"><p role=\"status\" aria-live=\"polite\" aria-atomic=\"true\"><\/p> <ul><\/ul><\/div>\n<form action=\"\/en\/wp-json\/wp\/v2\/pages\/1890#wpcf7-f5-o1\" method=\"post\" class=\"wpcf7-form init\" aria-label=\"Contact form\" novalidate=\"novalidate\" data-status=\"init\" data-trp-original-action=\"\/en\/wp-json\/wp\/v2\/pages\/1890#wpcf7-f5-o1\">\n<fieldset class=\"hidden-fields-container\"><input type=\"hidden\" name=\"_wpcf7\" value=\"5\" \/><input type=\"hidden\" name=\"_wpcf7_version\" value=\"6.1\" \/><input type=\"hidden\" name=\"_wpcf7_locale\" value=\"en_US\" \/><input type=\"hidden\" name=\"_wpcf7_unit_tag\" value=\"wpcf7-f5-o1\" \/><input type=\"hidden\" name=\"_wpcf7_container_post\" value=\"0\" \/><input type=\"hidden\" name=\"_wpcf7_posted_data_hash\" value=\"\" \/><input type=\"hidden\" name=\"_wpcf7_recaptcha_response\" value=\"\" \/>\n<\/fieldset>\n<p><label> Your name<br \/>\n<span class=\"wpcf7-form-control-wrap\" data-name=\"your-name\"><input size=\"40\" maxlength=\"400\" class=\"wpcf7-form-control wpcf7-text wpcf7-validates-as-required\" aria-required=\"true\" aria-invalid=\"false\" value=\"\" type=\"text\" name=\"your-name\" \/><\/span> <\/label>\n<\/p>\n<p><label> Your email<br \/>\n<span class=\"wpcf7-form-control-wrap\" data-name=\"your-email\"><input size=\"40\" maxlength=\"400\" class=\"wpcf7-form-control wpcf7-email wpcf7-validates-as-required wpcf7-text wpcf7-validates-as-email\" aria-required=\"true\" aria-invalid=\"false\" value=\"\" type=\"email\" name=\"your-email\" \/><\/span> <\/label>\n<\/p>\n<p><label> Subject<br \/>\n<span class=\"wpcf7-form-control-wrap\" data-name=\"your-subject\"><input size=\"40\" maxlength=\"400\" class=\"wpcf7-form-control wpcf7-text wpcf7-validates-as-required\" aria-required=\"true\" aria-invalid=\"false\" value=\"\" type=\"text\" name=\"your-subject\" \/><\/span> <\/label>\n<\/p>\n<p><label> Your message (optional)<br \/>\n<span class=\"wpcf7-form-control-wrap\" data-name=\"your-message\"><textarea cols=\"40\" rows=\"10\" maxlength=\"2000\" class=\"wpcf7-form-control wpcf7-textarea\" aria-invalid=\"false\" name=\"your-message\"><\/textarea><\/span> <\/label>\n<\/p>\n<span class=\"wpcf7-form-control-wrap recaptcha\" data-name=\"recaptcha\"><span data-sitekey=\"6Lc-yvQjAAAAACtgUllltxppvpjYbyMqq6v0Psa2\" class=\"wpcf7-form-control wpcf7-recaptcha g-recaptcha\"><\/span>\r\n<noscript>\r\n\t<div class=\"grecaptcha-noscript\">\r\n\t\t<iframe src=\"https:\/\/www.google.com\/recaptcha\/api\/fallback?k=6Lc-yvQjAAAAACtgUllltxppvpjYbyMqq6v0Psa2\" frameborder=\"0\" scrolling=\"no\" width=\"310\" height=\"430\">\r\n\t\t<\/iframe>\r\n\t\t<textarea name=\"g-recaptcha-response\" rows=\"3\" cols=\"40\" placeholder=\"reCaptcha Response Here\">\r\n\t\t<\/textarea>\r\n\t<\/div>\r\n<\/noscript>\r\n<\/span>\n<p><input class=\"wpcf7-form-control wpcf7-submit has-spinner\" type=\"submit\" value=\"Submit\" \/>\n<\/p><div class=\"wpcf7-response-output\" aria-hidden=\"true\"><\/div>\n<input type=\"hidden\" name=\"trp-form-language\" value=\"en\"\/><\/form>\n<\/div>\n<\/div>\n\t\t\t\t\t\t<\/div>\n\t\t\t\t<\/div>\n\t\t\t\t<\/div>\n\t\t<div class=\"elementor-element elementor-element-eade366 e-con-full e-flex e-con e-child\" data-id=\"eade366\" data-element_type=\"container\">\n\t\t\t\t<div class=\"elementor-element elementor-element-62fa3dd elementor-widget elementor-widget-heading\" data-id=\"62fa3dd\" data-element_type=\"widget\" data-widget_type=\"heading.default\">\n\t\t\t\t<div class=\"elementor-widget-container\">\n\t\t\t\t\t<h2 class=\"elementor-heading-title elementor-size-default\">E-mail: adipan2000@yahoo.com<\/h2>\t\t\t\t<\/div>\n\t\t\t\t<\/div>\n\t\t\t\t<\/div>\n\t\t\t\t<\/div>\n\t\t\t\t<\/div>\n\t\t\t\t<\/div>","protected":false},"excerpt":{"rendered":"<p>En tant que photographe, je suis attir\u00e9 par la beaut\u00e9 et l&rsquo;unicit\u00e9 de tous les types d&rsquo;animaux, y compris ceux qui ne sont peut-\u00eatre pas consid\u00e9r\u00e9s comme \u00ab\u00a0exotiques\u00a0\u00bb. Je me sp\u00e9cialise dans la photographie de la faune, avec un focus [&hellip;]<\/p>","protected":false},"author":1,"featured_media":0,"parent":0,"menu_order":0,"comment_status":"closed","ping_status":"closed","template":"elementor_header_footer","meta":{"_acf_changed":false,"footnotes":""},"class_list":["post-1890","page","type-page","status-publish","hentry"],"acf":[],"_links":{"self":[{"href":"https:\/\/www.adipanphoto.com\/en\/wp-json\/wp\/v2\/pages\/1890","targetHints":{"allow":["GET"]}}],"collection":[{"href":"https:\/\/www.adipanphoto.com\/en\/wp-json\/wp\/v2\/pages"}],"about":[{"href":"https:\/\/www.adipanphoto.com\/en\/wp-json\/wp\/v2\/types\/page"}],"author":[{"embeddable":true,"href":"https:\/\/www.adipanphoto.com\/en\/wp-json\/wp\/v2\/users\/1"}],"replies":[{"embeddable":true,"href":"https:\/\/www.adipanphoto.com\/en\/wp-json\/wp\/v2\/comments?post=1890"}],"version-history":[{"count":119,"href":"https:\/\/www.adipanphoto.com\/en\/wp-json\/wp\/v2\/pages\/1890\/revisions"}],"predecessor-version":[{"id":2918,"href":"https:\/\/www.adipanphoto.com\/en\/wp-json\/wp\/v2\/pages\/1890\/revisions\/2918"}],"wp:attachment":[{"href":"https:\/\/www.adipanphoto.com\/en\/wp-json\/wp\/v2\/media?parent=1890"}],"curies":[{"name":"wp","href":"https:\/\/api.w.org\/{rel}","templated":true}]}}